{"id":47,"date":"2015-03-09T21:30:01","date_gmt":"2015-03-09T21:30:01","guid":{"rendered":"http:\/\/localhost\/de\/?page_id=47"},"modified":"2015-04-06T20:54:32","modified_gmt":"2015-04-06T20:54:32","slug":"ueber-mich","status":"publish","type":"page","link":"https:\/\/www.stephanvogler.com\/de\/ueber-mich\/","title":{"rendered":"\u00dcber mich"},"content":{"rendered":"<p>Stephan Vogler wurde 1976 in Regensburg in Deutschland geboren. 2001 machte er seinen Abschluss als Diplom Wirtschaftsinformatiker an der Universit\u00e4t Regensburg. Im gleichen Jahr gr\u00fcndete er zusammen mit Freunden die CipSoft GmbH. Stephan Vogler ist bis heute einer der Gesch\u00e4ftsf\u00fchrer des Unternehmens. Seine langj\u00e4hrige Besch\u00e4ftigung mit Fragen der Philosophie, der Informationstheorie, der Kunst, des Rechts und der \u00d6konomie, haben ihn dazu veranlasst, eigene Werke zu diesen Themen zu erstellen.<\/p>\n","protected":false},"excerpt":{"rendered":"<p>Stephan Vogler wurde 1976 in Regensburg in Deutschland geboren. 2001 machte er seinen Abschluss als Diplom Wirtschaftsinformatiker an der Universit\u00e4t Regensburg. Im gleichen Jahr gr\u00fcndete er zusammen mit Freunden die CipSoft GmbH. Stephan Vogler ist bis heute einer der Gesch\u00e4ftsf\u00fchrer des Unternehmens. Seine langj\u00e4hrige Besch\u00e4ftigung mit Fragen der Philosophie, der Informationstheorie, der Kunst, des Rechts &hellip; <a href=\"https:\/\/www.stephanvogler.com\/de\/ueber-mich\/\" class=\"more-link\"><span class=\"screen-reader-text\">\u00dcber mich<\/span> weiterlesen<\/a><\/p>\n","protected":false},"author":1,"featured_media":0,"parent":0,"menu_order":0,"comment_status":"closed","ping_status":"closed","template":"","meta":[],"_links":{"self":[{"href":"https:\/\/www.stephanvogler.com\/de\/wp-json\/wp\/v2\/pages\/47"}],"collection":[{"href":"https:\/\/www.stephanvogler.com\/de\/wp-json\/wp\/v2\/pages"}],"about":[{"href":"https:\/\/www.stephanvogler.com\/de\/wp-json\/wp\/v2\/types\/page"}],"author":[{"embeddable":true,"href":"https:\/\/www.stephanvogler.com\/de\/wp-json\/wp\/v2\/users\/1"}],"replies":[{"embeddable":true,"href":"https:\/\/www.stephanvogler.com\/de\/wp-json\/wp\/v2\/comments?post=47"}],"version-history":[{"count":7,"href":"https:\/\/www.stephanvogler.com\/de\/wp-json\/wp\/v2\/pages\/47\/revisions"}],"predecessor-version":[{"id":184,"href":"https:\/\/www.stephanvogler.com\/de\/wp-json\/wp\/v2\/pages\/47\/revisions\/184"}],"wp:attachment":[{"href":"https:\/\/www.stephanvogler.com\/de\/wp-json\/wp\/v2\/media?parent=47"}],"curies":[{"name":"wp","href":"https:\/\/api.w.org\/{rel}","templated":true}]}}