{"id":5,"date":"2015-02-15T20:25:48","date_gmt":"2015-02-15T20:25:48","guid":{"rendered":"http:\/\/localhost\/de\/?page_id=5"},"modified":"2021-10-24T10:11:30","modified_gmt":"2021-10-24T10:11:30","slug":"einleitung","status":"publish","type":"page","link":"https:\/\/www.stephanvogler.com\/de\/","title":{"rendered":"Einleitung"},"content":{"rendered":"<p>Diese Seite zeigt meine <a title=\"Arbeiten\" href=\"\/de\/arbeiten\/\">Arbeiten<\/a>. Sie ber\u00fchren Fragen der Philosophie, der Informationstheorie, der Kunst, des Rechts und der \u00d6konomie.<\/p>\n<p>Meine Arbeiten sind immateriell. Jedes Werk ist eine Datei und entsprechend dem <a title=\"deutschen Signaturgesetz\" href=\"https:\/\/de.wikipedia.org\/wiki\/Signaturgesetz_(Deutschland)\" target=\"_blank\" rel=\"noopener\">deutschen Signaturgesetz<\/a> mit meiner qualifizierten elektronischen Signatur versehen. Die Signatur ist so gut wie eine originale Unterschrift auf einem materiellen Dokument. Dar\u00fcber hinaus besitzt die Signatur einen qualifizierten Zeitstempel, der beweist, dass die Datei zum angegebenen Datum vorlag.<\/p>\n<p>Die Titel der Werke sind weder willk\u00fcrlich, zuf\u00e4llig noch zeitbestimmt. Es handelt sich vielmehr um <a title=\"SHA256-Hash-Werte\" href=\"http:\/\/de.wikipedia.org\/wiki\/SHA-2\" target=\"_blank\" rel=\"noopener\">SHA256-Hash-Werte<\/a> der Dateien der Werke.<\/p>\n<p>Jedes Werk steht unter einer <a title=\"Lizenz\" href=\"\/de\/lizenz\/\">Lizenz<\/a>, welche seine Nutzungsrechte mit Hilfe der <a title=\"Bitcoin-Infrastruktur\" href=\"http:\/\/de.wikipedia.org\/wiki\/Bitcoin\" target=\"_blank\" rel=\"noopener\">Bitcoin-Infrastruktur<\/a> in ein immaterielles Gut verwandelt. Dabei erfolgt die Einr\u00e4umung des Rechts zur Weitergabe der Nutzungsrechte ausschlie\u00dflich, d.h. sie ist rechtlich beschr\u00e4nkt auf einen einzelnen Lizenznehmer. Das immaterielle Gut besitzt folgende Eigenschaften:<\/p>\n<ul>\n<li>Trotz seiner immateriellen Natur ist das Gut rechtlich und technisch limitiert und eigenst\u00e4ndig transferierbar bzw. handelbar.<\/li>\n<li>Die Echtheit der Signatur und des Signaturdatums des dem Gut zugrundeliegenden Werks kann zweifelsfrei bewiesen werden.<\/li>\n<li>Der Erwerb des Guts ist mit mehr Nutzungsrechten verbunden (z.B. Vervielf\u00e4ltigungs- und Ver\u00f6ffentlichungsrecht), als der Erwerb eines gew\u00f6hnlichen materiellen Guts.<\/li>\n<li>Der &#8222;Besitz&#8220; des immateriellen Guts und der Anspruch auf die damit verbundenen Nutzungsrechte k\u00f6nnen vom Besitzer zweifelsfrei beweisen werden.<\/li>\n<li>Das Gut l\u00e4sst sich sicher instantan weltweit mit minimalen Transaktionskosten weitergeben<\/li>\n<li>Wenn das Gut mit Bitcoins bezahlt wird, kann der Verkauf ohne Treuh\u00e4nder sicher weltweit abgewickelt werden.<\/li>\n<\/ul>\n<p>Es besitzt damit viele Eigenschaften eines materiellen Guts, aber auch weitergehende Eigenschaften, wie z.B. die M\u00f6glichkeit des zweifelsfreien Beweises der Echtheit der Signatur des zugrundeliegenden Werks &#8211; etwas was bei materiellen Werken nicht oder nur sehr schwer m\u00f6glich ist. Au\u00dferdem kann das Gut auch auf einem immateriellen Werk basieren, wie z.B. einem Musikst\u00fcck.<\/p>\n<p>Durch die Funktionsweise der Lizenz entsteht in der Bitcoin-Blockchain eine Art <a title=\"Werkverzeichnis\" href=\"https:\/\/blockchain.info\/de\/address\/182r1PerDvrBwYMM3RZzod99A4xn8n4Bpi?filter=1\" target=\"_blank\" rel=\"noopener\">Werkverzeichnis<\/a> f\u00fcr meine Arbeiten.<\/p>\n","protected":false},"excerpt":{"rendered":"<p>Diese Seite zeigt meine Arbeiten. Sie ber\u00fchren Fragen der Philosophie, der Informationstheorie, der Kunst, des Rechts und der \u00d6konomie. Meine Arbeiten sind immateriell. Jedes Werk ist eine Datei und entsprechend dem deutschen Signaturgesetz mit meiner qualifizierten elektronischen Signatur versehen. Die Signatur ist so gut wie eine originale Unterschrift auf einem materiellen Dokument. Dar\u00fcber hinaus besitzt &hellip; <a href=\"https:\/\/www.stephanvogler.com\/de\/\" class=\"more-link\"><span class=\"screen-reader-text\">Einleitung<\/span> weiterlesen<\/a><\/p>\n","protected":false},"author":1,"featured_media":0,"parent":0,"menu_order":0,"comment_status":"closed","ping_status":"closed","template":"","meta":[],"_links":{"self":[{"href":"https:\/\/www.stephanvogler.com\/de\/wp-json\/wp\/v2\/pages\/5"}],"collection":[{"href":"https:\/\/www.stephanvogler.com\/de\/wp-json\/wp\/v2\/pages"}],"about":[{"href":"https:\/\/www.stephanvogler.com\/de\/wp-json\/wp\/v2\/types\/page"}],"author":[{"embeddable":true,"href":"https:\/\/www.stephanvogler.com\/de\/wp-json\/wp\/v2\/users\/1"}],"replies":[{"embeddable":true,"href":"https:\/\/www.stephanvogler.com\/de\/wp-json\/wp\/v2\/comments?post=5"}],"version-history":[{"count":19,"href":"https:\/\/www.stephanvogler.com\/de\/wp-json\/wp\/v2\/pages\/5\/revisions"}],"predecessor-version":[{"id":225,"href":"https:\/\/www.stephanvogler.com\/de\/wp-json\/wp\/v2\/pages\/5\/revisions\/225"}],"wp:attachment":[{"href":"https:\/\/www.stephanvogler.com\/de\/wp-json\/wp\/v2\/media?parent=5"}],"curies":[{"name":"wp","href":"https:\/\/api.w.org\/{rel}","templated":true}]}}