{"id":68,"date":"2015-03-14T12:49:27","date_gmt":"2015-03-14T12:49:27","guid":{"rendered":"http:\/\/localhost\/de\/?page_id=68"},"modified":"2015-05-18T21:01:34","modified_gmt":"2015-05-18T21:01:34","slug":"lizenz","status":"publish","type":"page","link":"https:\/\/www.stephanvogler.com\/de\/lizenz\/","title":{"rendered":"Lizenz"},"content":{"rendered":"<p>Meine Arbeiten stehen unter folgender Lizenz. Sie verwandelt die Nutzungsrechte an den Arbeiten mit Hilfe der <a href=\"http:\/\/de.wikipedia.org\/wiki\/Bitcoin\" target=\"_blank\" title=\"Bitcoin-Infrastruktur\">Bitcoin-Infrastruktur<\/a> in eigenst\u00e4ndig handelbare immaterielle G\u00fcter. Die Lizenz wurde von mir qualifiziert elektronisch signiert. Der Lizenztext steht selbst unter dieser Lizenz.<\/p>\n<div class=\"license\"><code><br \/>\nLizenz<\/p>\n<p>Bezeichnung der Lizenz: LTIP10DE<\/p>\n<p>Der Lizenzgegenstand dieser Lizenz ist ein urheberrechtlich gesch\u00fctztes digitales Werk. Der Lizenzgeber ist der Urheber des Lizenzgegenstands. Der Lizenzgeber stellt den Lizenzgegenstand unter diese Lizenz. Der Lizenzgeber erkl\u00e4rt sich durch Signatur dieses Lizenztexts mit den Bestimmungen dieser Lizenz rechtsverbindlich einverstanden. Der Lizenzgeber r\u00e4umt demjenigen Nutzungsrechte an dem Lizenzgegenstand ein, der die Nutzungsvoraussetzung erf\u00fcllt und sich mit den Bestimmungen dieser Lizenz rechtsverbindlich einverstanden erkl\u00e4rt.<\/p>\n<p>\u00a71 Lizenzgegenstand<\/p>\n<p>(1) Der Lizenzgegenstand dieser Lizenz ist ein vom Lizenzgeber elektronisch signiertes urheberrechtlich gesch\u00fctztes digitales Werk.<\/p>\n<p>(2) Der Lizenzgeber stellt den Lizenzgegenstand unter diese Lizenz, wenn in der Bitcoin-Blockchain eine Bitcoin-Transaction mit folgenden Eigenschaften existiert:<\/p>\n<p>(a) Die Bitcoin-Transaction transferiert Bitcoins von der Bitcoin-Adresse \"182r1PerDvrBwYMM3RZzod99A4xn8n4Bpi\".<br \/>\n(b) Die Bitcoin-Transaction enth\u00e4lt in einem Bitcoin-Transaction-Output im R\u00fcckgabewert von OP_RETURN 8 Byte mit der ASCII-codierten Zeichenkette der Bezeichnung der Lizenz \"LTIP10DE\" gefolgt von 32 Byte mit dem SHA-256-Hashwert \u00fcber die Datei des Lizenzgegenstands.<br \/>\n(c) In der Bitcoin-Blockchain existiert vor dem Block, der die Bitcoin-Transaction enth\u00e4lt, kein anderer Block, der eine andere Bitcoin-Transaction enth\u00e4lt, die Bitcoins von der unter (a) genannten Bitcoin-Adresse transferiert und in einem Bitcoin-Transaction-Output im R\u00fcckgabewert von OP_RETURN 9 Byte mit der ASCII-codierten Zeichenkette \"TERMINATE\" enth\u00e4lt.<\/p>\n<p>\u00a72 Nutzungsvoraussetzung<\/p>\n<p>Die Einr\u00e4umung der Nutzungsrechte durch den Lizenzgeber setzt voraus, dass der Lizenznehmer imstande ist, den Wert des dem Lizenzgegenstand zugeordneten Bitcoin-Transaction-Outputs zu transferieren. Dies erfordert typischerweise die Kenntnis des privaten Schl\u00fcssels der im Bitcoin-Transaction-Output referenzierten Bitcoin-Adresse. Der erste dem Lizenzgegenstand zugeordnete Bitcoin-Transaction-Output ist der Bitcoin-Transaction-Output mit Index 0 der unter \u00a71 (2) beschriebenen Bitcoin-Transaction. Eine Bitcoin-Transaction, welche den Wert des dem Lizenzgegenstand zugeordneten Bitcoin-Transaction-Outputs transferiert, f\u00fchrt dazu, dass der Lizenzgegenstand mit sofortiger Wirkung f\u00fcr die Zukunft dem Bitcoin-Transaction-Output mit Index 0 dieser Bitcoin-Transaction zugeordnet ist.<\/p>\n<p>\u00a73 Einr\u00e4umung von Nutzungsrechten<\/p>\n<p>(1) Unter den Bedingungen dieser Lizenz r\u00e4umt der Lizenzgeber dem Lizenznehmer das vorbehaltlich (3) unbefristete und r\u00e4umlich unbeschr\u00e4nkte Recht ein, den Lizenzgegenstand zu verwenden, zu vervielf\u00e4ltigen, zu verbreiten, \u00f6ffentlich wiederzugeben, aufzuf\u00fchren bzw. vorzuf\u00fchren, \u00f6ffentlich zug\u00e4nglich zu machen, zu senden, durch Bild- und Tontr\u00e4ger wiederzugeben, im Internet zu verwenden, zu verlinken und diese Nutzungsrechte entsprechend \u00a72 an einen neuen Lizenznehmer weiterzugeben. Dies schlie\u00dft auch die kommerzielle Nutzung dieser Rechte mit ein. Andere Nutzungsrechte bestehen nicht. Dem Lizenznehmer ist auch nicht gestattet, Nutzungsrechte auf anderem Weg weiterzugeben als unter \u00a72 beschrieben.<\/p>\n<p>(2) Die Einr\u00e4umung des Rechts zur Weitergabe der Nutzungsrechte entsprechend \u00a72 erfolgt ausschlie\u00dflich, d.h. sie ist beschr\u00e4nkt auf den durch diese Lizenz bestimmten Lizenznehmer. Der Lizenzgeber bleibt zur Einr\u00e4umung der Nutzungsrechte an Dritte berechtigt, wobei die Einr\u00e4umung des Rechts zur Weitergabe der Nutzungsrechte ausgenommen ist.<\/p>\n<p>(3) Erf\u00fcllt der Lizenznehmer die Nutzungsvoraussetzung oder eine andere Bestimmung dieser Lizenz nicht oder nicht mehr, endet die Einr\u00e4umung der Nutzungsrechte zu dem Zeitpunkt, zu dem die Nutzungsvoraussetzung oder eine andere Bestimmung dieser Lizenz nicht mehr erf\u00fcllt wird.<\/p>\n<p>\u00a74 Pflichten des Lizenznehmers <\/p>\n<p>(1) Der Lizenznehmer verpflichtet sich, allen digitalen Kopien der Datei des Lizenzgegenstands die elektronische Signatur der Datei des Lizenzgegenstands durch den Lizenzgeber beizulegen.<\/p>\n<p>(2) Der Lizenznehmer verpflichtet sich, bei der Wiedergabe des Lizenzgegenstands den Lizenzgeber als Urheber zu nennen. Er verwendet daf\u00fcr folgende Urheberangabe: \"Copyright (c) Stephan Vogler\".<\/p>\n<p>\u00a75 Haftungsbeschr\u00e4nkung<\/p>\n<p>(1) Der Lizenzgeber gew\u00e4hrleistet und garantiert nicht, dass die Sch\u00f6pfungsh\u00f6he des Lizenzgegenstands f\u00fcr einen urheberrechtlichen Schutz ausreicht.<\/p>\n<p>(2) Der Lizenzgeber gew\u00e4hrleistet und garantiert nicht die Verf\u00fcgbarkeit, Sicherheit und Fehlerfreiheit der erw\u00e4hnten Bitcoin-Dienste.<\/p>\n<p>(3) Der Lizenzgeber haftet nur f\u00fcr grobe Fahrl\u00e4ssigkeit und Vorsatz. Die Haftung ist begrenzt auf die Sch\u00e4den, die unmittelbar beim Lizenznehmer eintreffen.<\/p>\n<p>\u00a76 \u00c4nderung der Lizenzbestimmungen<\/p>\n<p>Lizenzgeber und Lizenznehmer k\u00f6nnen in beiderseitigem Einvernehmen den Lizenzgegenstand unter eine neue Lizenz stellen. Dazu muss der Lizenzgeber den neuen Lizenztext zusammen mit seiner elektronischen Signatur des Lizenztexts ver\u00f6ffentlichen und der Lizenznehmer den Lizenzgegenstand entsprechend \u00a72 in einer Bitcoin-Transaction einem neuen Bitcoin-Transaction-Output zuordnen, wobei ein Bitcoin-Transaction-Output dieser Bitcoin-Transaction im R\u00fcckgabewert von OP_RETURN 8 Byte mit der ASCII-codierten Zeichenkette der Bezeichnung der neuen Lizenz enthalten muss.<\/p>\n<p>\u00a77 Sonstige Bestimmungen<\/p>\n<p>(1) Gerichtsstand ist Regensburg. Es gilt das Recht der Bundesrepublik Deutschland.<\/p>\n<p>(2) Die Ung\u00fcltigkeit einzelner Bestimmungen des Vertrages ber\u00fchrt nicht den Bestand des restlichen Vertrages.<br \/>\n<\/code><\/div>\n<p><\/p>\n<div class=\"data\">\nTitel:\u00a0cf3658206aa901e08002aca203b8f70c3a487510463a1648749e0c6005e8f07d<br \/>\nDatei:\u00a0<a href=\"\/wp-content\/uploads\/Works\/Licenses\/LICTIP10\/cf3658206aa901e08002aca203b8f70c3a487510463a1648749e0c6005e8f07d.txt\">cf3658206aa901e08002aca203b8f70c3a487510463a1648749e0c6005e8f07d.txt<\/a><br \/>\nSignatur:\u00a0<a href=\"\/wp-content\/uploads\/Works\/Licenses\/LICTIP10\/cf3658206aa901e08002aca203b8f70c3a487510463a1648749e0c6005e8f07d.p7s\">cf3658206aa901e08002aca203b8f70c3a487510463a1648749e0c6005e8f07d.p7s<\/a><br \/>\nDatum: 29. M\u00e4rz 2015 14:58:28 MESZ<br \/>\nFormat: ASCII-kodierter Text<br \/>\nGr\u00f6\u00dfe: 5333 Bytes<br \/>\nBeschreibung: Lizenz f\u00fcr handelbares geistiges Eigentum v1.0 in englischer Sprache<br \/>\nLizenz: <a href=\"\/en\/license\/\" title=\"License\">LICTIP10<\/a><br \/>\nTransaktion: <a href=\"https:\/\/blockchain.info\/de\/tx\/e722aeec982497f02b1fcf64272734479591b14b38b47e4009163d30ec8cbf68\" target=\"_blank\">e722aeec982497f02b1fcf64272734479591b14b38b47e4009163d30ec8cbf68<\/a>\n<\/div>\n<p><\/p>\n<div class=\"data\">\nTitel:\u00a035842c71d84a3f577b187b9cee08c3df1d72bc65d8bd4959e264c3da1395f794<br \/>\nDatei:\u00a0<a href=\"\/wp-content\/uploads\/Works\/Licenses\/LTIP10DE\/35842c71d84a3f577b187b9cee08c3df1d72bc65d8bd4959e264c3da1395f794.txt\">35842c71d84a3f577b187b9cee08c3df1d72bc65d8bd4959e264c3da1395f794.txt<\/a><br \/>\nSignatur:\u00a0<a href=\"\/wp-content\/uploads\/Works\/Licenses\/LTIP10DE\/35842c71d84a3f577b187b9cee08c3df1d72bc65d8bd4959e264c3da1395f794.p7s\">35842c71d84a3f577b187b9cee08c3df1d72bc65d8bd4959e264c3da1395f794.p7s<\/a><br \/>\nDatum: 7. Mai 2015 22:49:03 MESZ<br \/>\nFormat: UTF8-kodierter Text<br \/>\nGr\u00f6\u00dfe: 5594 Bytes<br \/>\nBeschreibung: Lizenz f\u00fcr handelbares geistiges Eigentum v1.0 in deutscher Sprache<br \/>\nLizenz: <a href=\"\/en\/license\/\" title=\"License\">LICTIP10<\/a><br \/>\nTransaktion: <a href=\"https:\/\/blockchain.info\/de\/tx\/8eb9d602882859a4022358f0f90aa78852a045c9e5f87484b1bd599a9ace50e2\" target=\"_blank\">8eb9d602882859a4022358f0f90aa78852a045c9e5f87484b1bd599a9ace50e2<\/a>\n<\/div>\n","protected":false},"excerpt":{"rendered":"<p>Meine Arbeiten stehen unter folgender Lizenz. Sie verwandelt die Nutzungsrechte an den Arbeiten mit Hilfe der Bitcoin-Infrastruktur in eigenst\u00e4ndig handelbare immaterielle G\u00fcter. Die Lizenz wurde von mir qualifiziert elektronisch signiert. Der Lizenztext steht selbst unter dieser Lizenz. Lizenz Bezeichnung der Lizenz: LTIP10DE Der Lizenzgegenstand dieser Lizenz ist ein urheberrechtlich gesch\u00fctztes digitales Werk. Der Lizenzgeber ist &hellip; <a href=\"https:\/\/www.stephanvogler.com\/de\/lizenz\/\" class=\"more-link\"><span class=\"screen-reader-text\">Lizenz<\/span> weiterlesen<\/a><\/p>\n","protected":false},"author":1,"featured_media":0,"parent":0,"menu_order":0,"comment_status":"closed","ping_status":"closed","template":"","meta":[],"_links":{"self":[{"href":"https:\/\/www.stephanvogler.com\/de\/wp-json\/wp\/v2\/pages\/68"}],"collection":[{"href":"https:\/\/www.stephanvogler.com\/de\/wp-json\/wp\/v2\/pages"}],"about":[{"href":"https:\/\/www.stephanvogler.com\/de\/wp-json\/wp\/v2\/types\/page"}],"author":[{"embeddable":true,"href":"https:\/\/www.stephanvogler.com\/de\/wp-json\/wp\/v2\/users\/1"}],"replies":[{"embeddable":true,"href":"https:\/\/www.stephanvogler.com\/de\/wp-json\/wp\/v2\/comments?post=68"}],"version-history":[{"count":26,"href":"https:\/\/www.stephanvogler.com\/de\/wp-json\/wp\/v2\/pages\/68\/revisions"}],"predecessor-version":[{"id":203,"href":"https:\/\/www.stephanvogler.com\/de\/wp-json\/wp\/v2\/pages\/68\/revisions\/203"}],"wp:attachment":[{"href":"https:\/\/www.stephanvogler.com\/de\/wp-json\/wp\/v2\/media?parent=68"}],"curies":[{"name":"wp","href":"https:\/\/api.w.org\/{rel}","templated":true}]}}